{"id":4835,"date":"2022-06-28T15:01:52","date_gmt":"2022-06-28T14:01:52","guid":{"rendered":"http:\/\/i-luminate.host-up.de\/impressum\/"},"modified":"2025-07-14T13:58:50","modified_gmt":"2025-07-14T12:58:50","slug":"mentions-legales","status":"publish","type":"page","link":"https:\/\/i-luminate.de\/fr\/mentions-legales\/","title":{"rendered":"mentions legales"},"content":{"rendered":"<div class=\"fusion-fullwidth fullwidth-box fusion-builder-row-1 fusion-flex-container nonhundred-percent-fullwidth non-hundred-percent-height-scrolling fusion-no-small-visibility fusion-no-medium-visibility\" style=\"--awb-border-radius-top-left:0px;--awb-border-radius-top-right:0px;--awb-border-radius-bottom-right:0px;--awb-border-radius-bottom-left:0px;--awb-padding-top:0px;--awb-padding-right:80px;--awb-padding-bottom:0px;--awb-padding-left:80px;--awb-margin-top:0px;--awb-margin-bottom:0px;--awb-flex-wrap:wrap;\"><div class=\"fusion-builder-row fusion-row fusion-flex-align-items-flex-start fusion-flex-content-wrap\" style=\"max-width:1320.8px;margin-left: calc(-4% \/ 2 );margin-right: calc(-4% \/ 2 );\"><div class=\"fusion-layout-column fusion_builder_column fusion-builder-column-0 fusion_builder_column_1_1 1_1 fusion-flex-column\" style=\"--awb-bg-size:cover;--awb-width-large:100%;--awb-margin-top-large:25px;--awb-spacing-right-large:1.92%;--awb-margin-bottom-large:0px;--awb-spacing-left-large:1.92%;--awb-width-medium:100%;--awb-order-medium:0;--awb-spacing-right-medium:1.92%;--awb-spacing-left-medium:1.92%;--awb-width-small:100%;--awb-order-small:0;--awb-spacing-right-small:1.92%;--awb-spacing-left-small:1.92%;\"><div class=\"fusion-column-wrapper fusion-column-has-shadow fusion-flex-justify-content-flex-start fusion-content-layout-column\"><\/div><\/div><div class=\"fusion-layout-column fusion_builder_column fusion-builder-column-1 fusion_builder_column_1_1 1_1 fusion-flex-column\" style=\"--awb-bg-size:cover;--awb-width-large:100%;--awb-margin-top-large:0px;--awb-spacing-right-large:1.92%;--awb-margin-bottom-large:25px;--awb-spacing-left-large:1.92%;--awb-width-medium:100%;--awb-order-medium:0;--awb-spacing-right-medium:1.92%;--awb-spacing-left-medium:1.92%;--awb-width-small:100%;--awb-order-small:0;--awb-spacing-right-small:1.92%;--awb-spacing-left-small:1.92%;\"><div class=\"fusion-column-wrapper fusion-column-has-shadow fusion-flex-justify-content-flex-start fusion-content-layout-column\"><div class=\"fusion-title title fusion-title-1 fusion-sep-none fusion-title-text fusion-title-size-one\" style=\"--awb-margin-top-small:8px;--awb-margin-right-small:0px;--awb-margin-bottom-small:16px;--awb-margin-left-small:0px;\"><h1 class=\"fusion-title-heading title-heading-left fusion-responsive-typography-calculated\" style=\"margin:0;--fontSize:45;line-height:;\">MENTIONS LEGALES<\/h1><\/div><div class=\"fusion-text fusion-text-1\" style=\"--awb-text-transform:none;\"><p>Pronorm Ein\u00adbauk\u00fcchen GmbH<\/p>\n<p>H\u00f6fer\u00adfeld 5\u20137<br>\n32602 Vlotho<\/p>\n<p>Tel.: 0049 (0)5733 \u2014 979\u20130<br>\nFax: 0049 (0)5733 \u2014 979\u2013300<\/p>\n<p>www.i\u2011luminate.de<br>\ninfo@i\u2011luminate.de<\/p>\n<p>Gen\u00ader\u00adal managers:<br>\nThorsten G\u00f6sling<br>\nRoger Klinkenberg<\/p>\n<p>Reg\u00adis\u00adter court: Bad Oeynhausen<br>\nReg\u00adis\u00adter num\u00adber: HRB&nbsp;2817<\/p>\n<p>VAT iden\u00adti\u00adfi\u00adca\u00adtion num\u00adber (\u00a7 27 a): DE 812323776<br>\nLegal form:&nbsp;GmbH<\/p>\n<p><strong>COPY\u00adRIGHT<\/strong><\/p>\n<p>Copy\u00adright 2020 Pronorm Ein\u00adbauk\u00fcchen GmbH. All rights reserved. The entire con\u00adtent of the Web\u00adsite of Pronorm Ein\u00adbauk\u00fcchen GmbH (includ\u00ading texts, pic\u00adtures, graph\u00adics, sound, video and ani\u00admat\u00aded files as well as their organ\u00adi\u00adsa\u00adtion and lay\u00adout) is pro\u00adtect\u00aded by copy\u00adright and oth\u00ader pro\u00adtec\u00adtive leg\u00adis\u00adla\u00adtion. This legal pro\u00adtec\u00adtion also applies to data\u00adbas\u00ades and sim\u00adi\u00adlar facil\u00adi\u00adties. The con\u00adtents may be freely used only for the intend\u00aded pur\u00adpose on the Inter\u00adnet. Except with the pri\u00ador writ\u00adten con\u00adsent of Pronorm Ein\u00adbauk\u00fcchen GmbH no part of the con\u00adtent of this Web\u00adsite may be repro\u00adduced, dis\u00adsem\u00adi\u00adnat\u00aded, changed or made avail\u00adable to third par\u00adties in any form out\u00adside the Lim\u00adits of the copy\u00adright. In addi\u00adtion, some areas of the Pronorm Ein\u00adbauk\u00fcchen GmbH Web\u00adsite con\u00adtain pic\u00adtures which are sub\u00adject to the copy\u00adrights of third par\u00adties. Unless oth\u00ader\u00adwise not\u00aded, all brand names on the Web\u00adsite are pro\u00adtect\u00aded by trade\u00admark&nbsp;law.<\/p>\n<p><strong>GUAR\u00adENTEE<\/strong><\/p>\n<p>All infor\u00adma\u00adtion pro\u00advid\u00aded in this Web\u00adsite has been care\u00adful\u00adly reviewed. We strive con\u00adtin\u00adu\u00adous\u00adly to expand and update the infor\u00adma\u00adtion offered. How\u00adev\u00ader we can\u00adnot guar\u00adan\u00adtee that the infor\u00adma\u00adtion is com\u00adplete, accu\u00adrate or up to date. Pronorm Ein\u00adbauk\u00fcchen GmbH makes this infor\u00adma\u00adtion avail\u00adable with\u00adout any war\u00adran\u00adty or guar\u00adan\u00adtee of any kind, whether express or implied. Pronorm Ein\u00adbauk\u00fcchen GmbH accepts no lia\u00adbil\u00adi\u00adty what\u00adso\u00adev\u00ader for dam\u00adage which aris\u00ades direct\u00adly or indi\u00adrect\u00adly from the use of this Web\u00adsite, save in the case of neg\u00adli\u00adgence on the part of Pronorm Ein\u00adbauk\u00fcchen GmbH.<\/p>\n<p><strong>LINKS TO OTH\u00adER WEBSITES<\/strong><\/p>\n<p>The Web\u00adsite of Pronorm Ein\u00adbauk\u00fcchen GmbH con\u00adtains links to oth\u00ader Web\u00adsites. Pronorm Ein\u00adbauk\u00fcchen GmbH is not respon\u00adsi\u00adble for the con\u00adtent of these oth\u00ader Websites.<\/p>\n<p><strong>EDI\u00adTO\u00adR\u00adI\u00adAL RESPONSIBILITY<\/strong><\/p>\n<p>Pronorm Ein\u00adbauk\u00fcchen GmbH<br>\nH\u00f6fer\u00adfeld 5\u20137<br>\n32602 Vlotho<\/p>\n<p>Tel.: 0049 (0)5733 \u2014 979\u20130<br>\nFax: 0049 (0)5733 \u2014 979\u2013300<br>\nE\u2011Mail:&nbsp;info@i\u2011luminate.de<\/p>\n<\/div><\/div><\/div><\/div><\/div>\n","protected":false},"excerpt":{"rendered":"","protected":false},"author":3,"featured_media":0,"parent":0,"menu_order":0,"comment_status":"closed","ping_status":"closed","template":"100-width.php","meta":{"wp_typography_post_enhancements_disabled":false,"footnotes":""},"class_list":["post-4835","page","type-page","status-publish","hentry"],"yoast_head":"<!-- This site is optimized with the Yoast SEO Premium plugin v27.3 (Yoast SEO v27.3) - https:\/\/yoast.com\/product\/yoast-seo-premium-wordpress\/ -->\n<title>Mentions l\u00e9gales | i-luminate \u2013 Informations l\u00e9gales<\/title>\n<meta name=\"description\" content=\"Consultez les mentions l\u00e9gales d\u2019i-luminate : \u00e9diteur, responsabilit\u00e9 et coordonn\u00e9es. YOUR SUPREME KITCHEN\" \/>\n<meta name=\"robots\" content=\"index, follow, max-snippet:-1, max-image-preview:large, max-video-preview:-1\" \/>\n<link rel=\"canonical\" href=\"https:\/\/i-luminate.de\/fr\/mentions-legales\/\" \/>\n<meta property=\"og:locale\" content=\"fr_FR\" \/>\n<meta property=\"og:type\" content=\"article\" \/>\n<meta property=\"og:title\" content=\"mentions legales\" \/>\n<meta property=\"og:description\" content=\"Consultez les mentions l\u00e9gales d\u2019i-luminate : \u00e9diteur, responsabilit\u00e9 et coordonn\u00e9es. YOUR SUPREME KITCHEN\" \/>\n<meta property=\"og:url\" content=\"https:\/\/i-luminate.de\/fr\/mentions-legales\/\" \/>\n<meta property=\"og:site_name\" content=\"i-luminate\" \/>\n<meta property=\"article:publisher\" content=\"https:\/\/www.facebook.com\/iluminate.lightupyourkitchen\/\" \/>\n<meta property=\"article:modified_time\" content=\"2025-07-14T12:58:50+00:00\" \/>\n<meta name=\"twitter:card\" content=\"summary_large_image\" \/>\n<meta name=\"twitter:label1\" content=\"Dur\u00e9e de lecture estim\u00e9e\" \/>\n\t<meta name=\"twitter:data1\" content=\"2 minutes\" \/>\n<script type=\"application\/ld+json\" class=\"yoast-schema-graph\">{\"@context\":\"https:\\\/\\\/schema.org\",\"@graph\":[{\"@type\":\"WebPage\",\"@id\":\"https:\\\/\\\/i-luminate.de\\\/fr\\\/mentions-legales\\\/\",\"url\":\"https:\\\/\\\/i-luminate.de\\\/fr\\\/mentions-legales\\\/\",\"name\":\"Mentions l\u00e9gales | i-luminate \u2013 Informations l\u00e9gales\",\"isPartOf\":{\"@id\":\"https:\\\/\\\/i-luminate.de\\\/fr\\\/#website\"},\"datePublished\":\"2022-06-28T14:01:52+00:00\",\"dateModified\":\"2025-07-14T12:58:50+00:00\",\"description\":\"Consultez les mentions l\u00e9gales d\u2019i-luminate : \u00e9diteur, responsabilit\u00e9 et coordonn\u00e9es. YOUR SUPREME KITCHEN\",\"breadcrumb\":{\"@id\":\"https:\\\/\\\/i-luminate.de\\\/fr\\\/mentions-legales\\\/#breadcrumb\"},\"inLanguage\":\"fr-FR\",\"potentialAction\":[{\"@type\":\"ReadAction\",\"target\":[\"https:\\\/\\\/i-luminate.de\\\/fr\\\/mentions-legales\\\/\"]}]},{\"@type\":\"BreadcrumbList\",\"@id\":\"https:\\\/\\\/i-luminate.de\\\/fr\\\/mentions-legales\\\/#breadcrumb\",\"itemListElement\":[{\"@type\":\"ListItem\",\"position\":1,\"name\":\"Startseite\",\"item\":\"https:\\\/\\\/i-luminate.de\\\/fr\\\/\"},{\"@type\":\"ListItem\",\"position\":2,\"name\":\"mentions legales\"}]},{\"@type\":\"WebSite\",\"@id\":\"https:\\\/\\\/i-luminate.de\\\/fr\\\/#website\",\"url\":\"https:\\\/\\\/i-luminate.de\\\/fr\\\/\",\"name\":\"i-luminate\",\"description\":\"Your supreme kitchen\",\"publisher\":{\"@id\":\"https:\\\/\\\/i-luminate.de\\\/fr\\\/#organization\"},\"potentialAction\":[{\"@type\":\"SearchAction\",\"target\":{\"@type\":\"EntryPoint\",\"urlTemplate\":\"https:\\\/\\\/i-luminate.de\\\/fr\\\/?s={search_term_string}\"},\"query-input\":{\"@type\":\"PropertyValueSpecification\",\"valueRequired\":true,\"valueName\":\"search_term_string\"}}],\"inLanguage\":\"fr-FR\"},{\"@type\":\"Organization\",\"@id\":\"https:\\\/\\\/i-luminate.de\\\/fr\\\/#organization\",\"name\":\"i-luminate\",\"url\":\"https:\\\/\\\/i-luminate.de\\\/fr\\\/\",\"logo\":{\"@type\":\"ImageObject\",\"inLanguage\":\"fr-FR\",\"@id\":\"https:\\\/\\\/i-luminate.de\\\/fr\\\/#\\\/schema\\\/logo\\\/image\\\/\",\"url\":\"https:\\\/\\\/i-luminate.de\\\/wp-content\\\/uploads\\\/2023\\\/08\\\/illuminate-Logo-schwarz.png\",\"contentUrl\":\"https:\\\/\\\/i-luminate.de\\\/wp-content\\\/uploads\\\/2023\\\/08\\\/illuminate-Logo-schwarz.png\",\"width\":979,\"height\":208,\"caption\":\"i-luminate\"},\"image\":{\"@id\":\"https:\\\/\\\/i-luminate.de\\\/fr\\\/#\\\/schema\\\/logo\\\/image\\\/\"},\"sameAs\":[\"https:\\\/\\\/www.facebook.com\\\/iluminate.lightupyourkitchen\\\/\",\"https:\\\/\\\/www.instagram.com\\\/iluminate_lightupyourkitchen\\\/?hl=de\"]}]}<\/script>\n<!-- \/ Yoast SEO Premium plugin. -->","yoast_head_json":{"title":"Mentions l\u00e9gales | i-luminate \u2013 Informations l\u00e9gales","description":"Consultez les mentions l\u00e9gales d\u2019i-luminate : \u00e9diteur, responsabilit\u00e9 et coordonn\u00e9es. YOUR SUPREME KITCHEN","robots":{"index":"index","follow":"follow","max-snippet":"max-snippet:-1","max-image-preview":"max-image-preview:large","max-video-preview":"max-video-preview:-1"},"canonical":"https:\/\/i-luminate.de\/fr\/mentions-legales\/","og_locale":"fr_FR","og_type":"article","og_title":"mentions legales","og_description":"Consultez les mentions l\u00e9gales d\u2019i-luminate : \u00e9diteur, responsabilit\u00e9 et coordonn\u00e9es. YOUR SUPREME KITCHEN","og_url":"https:\/\/i-luminate.de\/fr\/mentions-legales\/","og_site_name":"i-luminate","article_publisher":"https:\/\/www.facebook.com\/iluminate.lightupyourkitchen\/","article_modified_time":"2025-07-14T12:58:50+00:00","twitter_card":"summary_large_image","twitter_misc":{"Dur\u00e9e de lecture estim\u00e9e":"2 minutes"},"schema":{"@context":"https:\/\/schema.org","@graph":[{"@type":"WebPage","@id":"https:\/\/i-luminate.de\/fr\/mentions-legales\/","url":"https:\/\/i-luminate.de\/fr\/mentions-legales\/","name":"Mentions l\u00e9gales | i-luminate \u2013 Informations l\u00e9gales","isPartOf":{"@id":"https:\/\/i-luminate.de\/fr\/#website"},"datePublished":"2022-06-28T14:01:52+00:00","dateModified":"2025-07-14T12:58:50+00:00","description":"Consultez les mentions l\u00e9gales d\u2019i-luminate : \u00e9diteur, responsabilit\u00e9 et coordonn\u00e9es. YOUR SUPREME KITCHEN","breadcrumb":{"@id":"https:\/\/i-luminate.de\/fr\/mentions-legales\/#breadcrumb"},"inLanguage":"fr-FR","potentialAction":[{"@type":"ReadAction","target":["https:\/\/i-luminate.de\/fr\/mentions-legales\/"]}]},{"@type":"BreadcrumbList","@id":"https:\/\/i-luminate.de\/fr\/mentions-legales\/#breadcrumb","itemListElement":[{"@type":"ListItem","position":1,"name":"Startseite","item":"https:\/\/i-luminate.de\/fr\/"},{"@type":"ListItem","position":2,"name":"mentions legales"}]},{"@type":"WebSite","@id":"https:\/\/i-luminate.de\/fr\/#website","url":"https:\/\/i-luminate.de\/fr\/","name":"i-luminate","description":"Your supreme kitchen","publisher":{"@id":"https:\/\/i-luminate.de\/fr\/#organization"},"potentialAction":[{"@type":"SearchAction","target":{"@type":"EntryPoint","urlTemplate":"https:\/\/i-luminate.de\/fr\/?s={search_term_string}"},"query-input":{"@type":"PropertyValueSpecification","valueRequired":true,"valueName":"search_term_string"}}],"inLanguage":"fr-FR"},{"@type":"Organization","@id":"https:\/\/i-luminate.de\/fr\/#organization","name":"i-luminate","url":"https:\/\/i-luminate.de\/fr\/","logo":{"@type":"ImageObject","inLanguage":"fr-FR","@id":"https:\/\/i-luminate.de\/fr\/#\/schema\/logo\/image\/","url":"https:\/\/i-luminate.de\/wp-content\/uploads\/2023\/08\/illuminate-Logo-schwarz.png","contentUrl":"https:\/\/i-luminate.de\/wp-content\/uploads\/2023\/08\/illuminate-Logo-schwarz.png","width":979,"height":208,"caption":"i-luminate"},"image":{"@id":"https:\/\/i-luminate.de\/fr\/#\/schema\/logo\/image\/"},"sameAs":["https:\/\/www.facebook.com\/iluminate.lightupyourkitchen\/","https:\/\/www.instagram.com\/iluminate_lightupyourkitchen\/?hl=de"]}]}},"_links":{"self":[{"href":"https:\/\/i-luminate.de\/fr\/wp-json\/wp\/v2\/pages\/4835","targetHints":{"allow":["GET"]}}],"collection":[{"href":"https:\/\/i-luminate.de\/fr\/wp-json\/wp\/v2\/pages"}],"about":[{"href":"https:\/\/i-luminate.de\/fr\/wp-json\/wp\/v2\/types\/page"}],"author":[{"embeddable":true,"href":"https:\/\/i-luminate.de\/fr\/wp-json\/wp\/v2\/users\/3"}],"replies":[{"embeddable":true,"href":"https:\/\/i-luminate.de\/fr\/wp-json\/wp\/v2\/comments?post=4835"}],"version-history":[{"count":1,"href":"https:\/\/i-luminate.de\/fr\/wp-json\/wp\/v2\/pages\/4835\/revisions"}],"predecessor-version":[{"id":10860,"href":"https:\/\/i-luminate.de\/fr\/wp-json\/wp\/v2\/pages\/4835\/revisions\/10860"}],"wp:attachment":[{"href":"https:\/\/i-luminate.de\/fr\/wp-json\/wp\/v2\/media?parent=4835"}],"curies":[{"name":"wp","href":"https:\/\/api.w.org\/{rel}","templated":true}]}}